{"id":976,"date":"2018-09-25T09:15:23","date_gmt":"2018-09-25T09:15:23","guid":{"rendered":"http:\/\/www.cfnkimya.com\/?page_id=976"},"modified":"2024-11-08T12:50:45","modified_gmt":"2024-11-08T09:50:45","slug":"vizyon-misyon","status":"publish","type":"page","link":"https:\/\/www.cfnkimya.com\/index.php\/vizyon-misyon\/","title":{"rendered":"K\u00fclt\u00fcr\u00fcm\u00fcz"},"content":{"rendered":"<p>[vc_section css=&#8221;.vc_custom_1537285033128{background-color: #f2f2f2 !important;}&#8221;][vc_row][vc_column][vc_column_text]<\/p>\n<p style=\"text-align: center;\"><strong>DOKUNDU\u011eUMUZ YA\u015eAMLARIN KAL\u0130TES\u0130N\u0130 ARTIRAN POZ\u0130T\u0130F ETK\u0130Y\u0130Z<\/strong><\/p>\n<p style=\"text-align: center;\">Yapt\u0131\u011f\u0131m\u0131z i\u015fin \u00f6z\u00fcnde, hayat\u0131na dokundu\u011fumuz herkesin ve i\u015f orta\u011f\u0131 oldu\u011fumuz her end\u00fcstrinin ya\u015fam kalitesini art\u0131rmak, geli\u015ftirmek ve sonu\u00e7 olarak d\u00fcnyam\u0131zda s\u00fcrekli pozitif etki yaratmak var.<\/p>\n<p style=\"text-align: center;\">G\u00fcvenli, s\u00fcrd\u00fcr\u00fclebilir, hem insanlar hem de gezegen i\u00e7in ko\u015fullar\u0131 iyile\u015ftiren yenilik\u00e7i \u00fcr\u00fcnler ve \u00e7\u00f6z\u00fcmler geli\u015ftiriyor, \u00fcretiyoruz.<\/p>\n<p style=\"text-align: center;\">\u0130leri teknolojiler i\u00e7in y\u00fcksek performansl\u0131 malzemelerden s\u00fcrd\u00fcr\u00fclebilirli\u011fi te\u015fvik eden \u00e7evre dostu \u00fcr\u00fcnlere kadar, kendimizi ilerlemeyi s\u00fcrd\u00fcrmeye ve herkes i\u00e7in daha parlak bir gelecek yaratmaya adam\u0131\u015f durumday\u0131z.<\/p>\n<p style=\"text-align: center;\">Yakla\u015f\u0131m\u0131m\u0131z, ya\u015fam kalitesini art\u0131rma ve olumlu etki yaratma s\u00f6z\u00fcm\u00fcz\u00fc yerine getirmemizi sa\u011flayacak ara\u015ft\u0131rma, geli\u015ftirme ve sorumlu \u00fcretim uygulamalar\u0131 \u00fczerine kuruludur.<\/p>\n<p>[\/vc_column_text][vc_column_text]<\/p>\n<p style=\"text-align: center;\">\n<div style=\"text-align: center;\" data-pm-slice=\"1 1 []\" data-en-clipboard=\"true\"><b>DE\u011eERLER\u0130M\u0130Z<br \/>\n<\/b><\/div>\n<div data-pm-slice=\"1 1 []\" data-en-clipboard=\"true\"><\/div>\n<div style=\"text-align: center;\" data-pm-slice=\"1 1 []\" data-en-clipboard=\"true\"><b>D\u00fcr\u00fcstl\u00fck ve Erdem Temel \u0130lkemizdir<\/b><\/div>\n<div style=\"text-align: center;\">Bizim i\u00e7in erdemli ve d\u00fcr\u00fcst olmak, etik ilkelere kararl\u0131 bir \u015fekilde ba\u011fl\u0131 kalmay\u0131, d\u00fcr\u00fcstl\u00fc\u011fe olan ba\u011fl\u0131l\u0131\u011f\u0131 ve zorlu durumlarda bile istikrarl\u0131 bir duru\u015f sergilemeyi gerektirir.<\/p>\n<p><b> <\/b><\/div>\n<div><b>\u0130nsan\u0131m\u0131z\u0131, toplumumuzu ve d\u00fcnyam\u0131z\u0131 \u00f6nemseriz<\/b><\/div>\n<ul>\n<li>\n<div>\u0130nsan\u0131m\u0131z\u0131, toplumumuzu ve d\u00fcnyam\u0131z\u0131 \u00f6nemseyen bir \u015firketiz.<\/div>\n<\/li>\n<li>\n<div>D\u00fcnyay\u0131 buldu\u011fumuzdan daha iyi bir halde b\u0131rakmak i\u00e7in kendimizi ona s\u00fcrekli pozitif katk\u0131da bulunmaya adad\u0131k.<\/div>\n<\/li>\n<\/ul>\n<div><b> S\u00fcrekli b\u00fcy\u00fcmeyi ama\u00e7lar\u0131z<\/b><\/div>\n<ul>\n<li>\n<div>Yenili\u011fe \u00f6ncelik veririz ve hem kendimizi, hem de \u015firketimizi geli\u015ftirmek i\u00e7in durmadan yeni fikirlerin ve f\u0131rsatlar\u0131n pe\u015finden ko\u015far\u0131z.<\/div>\n<\/li>\n<li>\n<div>Geli\u015fime h\u0131zla adapte olan, merak g\u00fcd\u00fcs\u00fcyle hareket eden, b\u00fcy\u00fcme eksenli bir zihniyeti benimseriz.<\/div>\n<\/li>\n<\/ul>\n<div><b> Cesur ad\u0131mlar atar\u0131z<\/b><\/div>\n<ul>\n<li>\n<div>Kar\u015f\u0131la\u015ft\u0131\u011f\u0131m\u0131z zorluklarla y\u00fczle\u015fmekten ve do\u011fru olan\u0131 s\u00f6ylemekten \u00e7ekinmeyiz; yaln\u0131zca \u015firket k\u00e2r\u0131 i\u00e7in de\u011fil, gezegenimizin ve insanl\u0131\u011f\u0131n iyili\u011fi i\u00e7in \u00e7al\u0131\u015f\u0131r\u0131z.<\/div>\n<\/li>\n<li>\n<div>Gerekti\u011finde b\u00fcy\u00fck ad\u0131mlar atmaktan ve s\u0131n\u0131rlar\u0131 zorlamaktan \u00e7ekinmeyiz, ayn\u0131 zamanda hesaplanm\u0131\u015f riskler alman\u0131n kurumsal b\u00fcy\u00fcme i\u00e7in \u00f6neminin fark\u0131nday\u0131z.<\/div>\n<\/li>\n<\/ul>\n<div><b> Ba\u015far\u0131ya \u00f6zveriyle ula\u015f\u0131r\u0131z<\/b><\/div>\n<ul>\n<li>\n<div>Verdi\u011fimiz s\u00f6zlere sad\u0131k bir ruhla vak\u0131f oluruz, kendimizi hedeflerimize ula\u015fmaya ve sars\u0131lmaz bir \u015fevk ve azimle sonu\u00e7lar elde etmeye adar\u0131z.<\/div>\n<\/li>\n<li>\n<div>Zorluklarla kar\u015f\u0131la\u015ft\u0131\u011f\u0131m\u0131zda bile yapt\u0131\u011f\u0131m\u0131z i\u015fin sorumlulu\u011funu al\u0131r, elimizden gelenin en iyisini yapar\u0131z.<\/div>\n<\/li>\n<\/ul>\n<div><\/div>\n<p>[\/vc_column_text][\/vc_column][\/vc_row][\/vc_section][vc_row full_width=&#8221;stretch_row_content_no_spaces&#8221; css=&#8221;.vc_custom_1509864404071{background-image: url(http:\/\/www.cfnkimya.com\/wp-content\/uploads\/2017\/10\/pexels-photo-37728-2.jpg?id=338) !important;background-position: center !important;background-repeat: no-repeat !important;background-size: cover !important;}&#8221;][vc_column][nur_cta_box button_text=&#8221;T\u0131klay\u0131n!&#8221; button_href=&#8221;http:\/\/www.cfnkimya.com\/index.php\/iletisim\/&#8221; button_class=&#8221;btn-secondary btn-large&#8221; el_class=&#8221;text-primary&#8221;]<\/p>\n<h2>\u00dcr\u00fcnlerimiz hakk\u0131nda detayl\u0131 bilgi almak ve sorular\u0131n\u0131z i\u00e7in<\/h2>\n<p>[\/nur_cta_box][\/vc_column][\/vc_row]<\/p>\n","protected":false},"excerpt":{"rendered":"<p>[vc_section css=&#8221;.vc_custom_1537285033128{background-color: #f2f2f2 !important;}&#8221;][vc_row][vc_column][vc_column_text] DOKUNDU\u011eUMUZ YA\u015eAMLARIN KAL\u0130TES\u0130N\u0130 ARTIRAN POZ\u0130T\u0130F ETK\u0130Y\u0130Z Yapt\u0131\u011f\u0131m\u0131z i\u015fin \u00f6z\u00fcnde, hayat\u0131na dokundu\u011fumuz herkesin ve i\u015f orta\u011f\u0131 oldu\u011fumuz her end\u00fcstrinin ya\u015fam kalitesini art\u0131rmak, geli\u015ftirmek ve sonu\u00e7 olarak d\u00fcnyam\u0131zda s\u00fcrekli pozitif etki yaratmak var. G\u00fcvenli, s\u00fcrd\u00fcr\u00fclebilir, hem insanlar hem de gezegen i\u00e7in ko\u015fullar\u0131 iyile\u015ftiren yenilik\u00e7i \u00fcr\u00fcnler ve \u00e7\u00f6z\u00fcmler geli\u015ftiriyor, \u00fcretiyoruz. \u0130leri teknolojiler i\u00e7in y\u00fcksek [&hellip;]<\/p>\n","protected":false},"author":1,"featured_media":0,"parent":0,"menu_order":0,"comment_status":"closed","ping_status":"closed","template":"","meta":{"footnotes":""},"_links":{"self":[{"href":"https:\/\/www.cfnkimya.com\/index.php\/wp-json\/wp\/v2\/pages\/976"}],"collection":[{"href":"https:\/\/www.cfnkimya.com\/index.php\/wp-json\/wp\/v2\/pages"}],"about":[{"href":"https:\/\/www.cfnkimya.com\/index.php\/wp-json\/wp\/v2\/types\/page"}],"author":[{"embeddable":true,"href":"https:\/\/www.cfnkimya.com\/index.php\/wp-json\/wp\/v2\/users\/1"}],"replies":[{"embeddable":true,"href":"https:\/\/www.cfnkimya.com\/index.php\/wp-json\/wp\/v2\/comments?post=976"}],"version-history":[{"count":28,"href":"https:\/\/www.cfnkimya.com\/index.php\/wp-json\/wp\/v2\/pages\/976\/revisions"}],"predecessor-version":[{"id":1918,"href":"https:\/\/www.cfnkimya.com\/index.php\/wp-json\/wp\/v2\/pages\/976\/revisions\/1918"}],"wp:attachment":[{"href":"https:\/\/www.cfnkimya.com\/index.php\/wp-json\/wp\/v2\/media?parent=976"}],"curies":[{"name":"wp","href":"https:\/\/api.w.org\/{rel}","templated":true}]}}