{"id":740,"date":"2018-09-20T11:07:39","date_gmt":"2018-09-20T11:07:39","guid":{"rendered":"http:\/\/www.cfnkimya.com\/?page_id=740"},"modified":"2019-06-24T08:51:38","modified_gmt":"2019-06-24T05:51:38","slug":"eps-nedir","status":"publish","type":"page","link":"https:\/\/www.cfnkimya.com\/index.php\/eps-nedir\/","title":{"rendered":"EPS NED\u0130R?"},"content":{"rendered":"<p>[vc_section][vc_row][vc_column][vc_column_text]<\/p>\n<p class=\"p1\" style=\"text-align: center;\"><span style=\"color: #808080;\">Genle\u015febilen Polistiren (EPS &#8211; Expandable Polystyrene); stiren<br \/>\nmonomerin polimerizasyonu ile elde edilen, re\u00e7ine halinde kapal\u0131 g\u00f6zenekli, tipik olarak beyaz renkli ve yar\u0131 saydam bir termoplastik malzemedir.<\/span><\/p>\n<p>[\/vc_column_text][\/vc_column][\/vc_row][vc_row full_width=&#8221;stretch_row_content_no_spaces&#8221;][vc_column][nur_image_section layout=&#8221;bg-image content-left&#8221; image_id=&#8221;824&#8243;][vc_empty_space height=&#8221;65px&#8221;][vc_column_text]<\/p>\n<p class=\"p2\"><span style=\"color: #808080;\">EPS&#8217;nin tercih edilmesinin nedenleri; yal\u0131t\u0131m de\u011ferlerinin yu\u0308ksek olmas\u0131 ile enerji verimlili\u011fi sa\u011flamas\u0131, kolay \u015fekil alabilmesi ve uygulanmas\u0131, \u00e7evre dostu ve \u00e7ok du\u0308\u015fu\u0308k maliyetli olmas\u0131d\u0131r.<\/span><\/p>\n<p>[\/vc_column_text][vc_empty_space height=&#8221;65px&#8221;][\/nur_image_section][\/vc_column][\/vc_row][vc_row full_width=&#8221;stretch_row_content_no_spaces&#8221;][vc_column][nur_image_section layout=&#8221;bg-image content-center&#8221; image_id=&#8221;826&#8243;][vc_empty_space height=&#8221;65px&#8221;][vc_column_text]<span style=\"color: #808080;\">Ayr\u0131ca medikal, ambalaj, otomotiv gibi bir\u00e7ok sekt\u00f6rde basit prosesler ile i\u015flenebilmektedir.<\/span><\/p>\n<p>[\/vc_column_text][vc_empty_space height=&#8221;65px&#8221;][\/nur_image_section][\/vc_column][\/vc_row][\/vc_section][vc_section el_class=&#8221;city-bg&#8221; css=&#8221;.vc_custom_1543494964612{padding-top: 0px !important;padding-right: 0px !important;padding-bottom: 0px !important;padding-left: 0px !important;background-color: #ffffff !important;}&#8221;][vc_row][vc_column][nur_section_heading decoration=&#8221;line&#8221;]<\/p>\n<h2 style=\"text-align: center;\">EPS&#8217;N\u0130N AVANTAJLARI<\/h2>\n<p>[\/nur_section_heading][\/vc_column][\/vc_row][vc_row][vc_column width=&#8221;1\/3&#8243;][nur_feature_box icon_font=&#8221;fontawesome&#8221; icon_fontawesome=&#8221;fa fa-leaf&#8221; layout=&#8221;large-icon icon-circle&#8221;]<\/p>\n<h3>Ekolojik<\/h3>\n<p>Y\u00fcksek enerji tasarrufu sa\u011flar. Karbon Monoksit ve di\u011fer zararl\u0131 gazlar\u0131n emisyonlar\u0131n\u0131n azalt\u0131lmas\u0131n\u0131 sa\u011flayarak hava kirlili\u011fini \u00f6nler.[\/nur_feature_box][\/vc_column][vc_column width=&#8221;1\/3&#8243;][nur_feature_box icon_font=&#8221;fontawesome&#8221; icon_fontawesome=&#8221;fa fa-bolt&#8221; layout=&#8221;large-icon icon-circle&#8221;]<\/p>\n<h3>Dayan\u0131kl\u0131l\u0131k<\/h3>\n<p>Is\u0131 yal\u0131t\u0131m performans\u0131 a\u00e7\u0131s\u0131ndan en iyi malzemelerden biridir.\u00a0Su ve nemi asgari oranda al\u0131r.\u00a0EPS \u00e7evre \u015fartlar\u0131ndan en az etkilenen malzemedir.[\/nur_feature_box][\/vc_column][vc_column width=&#8221;1\/3&#8243;][nur_feature_box icon_font=&#8221;fontawesome&#8221; icon_fontawesome=&#8221;fa fa-recycle&#8221; layout=&#8221;large-icon icon-circle&#8221;]<\/p>\n<h3>Geri D\u00f6n\u00fc\u015f\u00fcm<\/h3>\n<p>At\u0131klar\u0131n geri d\u00f6n\u00fc\u015ft\u00fcr\u00fclerek farkl\u0131 sekt\u00f6rlerde ham madde olarak tekrar kullan\u0131lmas\u0131n\u0131 sa\u011flar.[\/nur_feature_box][\/vc_column][\/vc_row][\/vc_section][vc_row full_width=&#8221;stretch_row_content_no_spaces&#8221; css=&#8221;.vc_custom_1537544262580{background-image: url(http:\/\/www.cfnkimya.com\/wp-content\/uploads\/2018\/09\/alt_slider1.jpg?id=935) !important;background-position: center !important;background-repeat: no-repeat !important;background-size: cover !important;}&#8221;][vc_column][nur_cta_box button_text=&#8221;T\u0131klay\u0131n!&#8221; button_href=&#8221;http:\/\/www.cfnkimya.com\/index.php\/eps-kullanim-alanlari\/&#8221; button_class=&#8221;btn-secondary btn-large&#8221; el_class=&#8221;text-primary&#8221;]<\/p>\n<h2>EPS Re\u00e7ine kullan\u0131m alanlar\u0131 hakk\u0131nda detayl\u0131 bilgi almak i\u00e7in<\/h2>\n<p>[\/nur_cta_box][\/vc_column][\/vc_row]<\/p>\n","protected":false},"excerpt":{"rendered":"<p>[vc_section][vc_row][vc_column][vc_column_text] Genle\u015febilen Polistiren (EPS &#8211; Expandable Polystyrene); stiren monomerin polimerizasyonu ile elde edilen, re\u00e7ine halinde kapal\u0131 g\u00f6zenekli, tipik olarak beyaz renkli ve yar\u0131 saydam bir termoplastik malzemedir. [\/vc_column_text][\/vc_column][\/vc_row][vc_row full_width=&#8221;stretch_row_content_no_spaces&#8221;][vc_column][nur_image_section layout=&#8221;bg-image content-left&#8221; image_id=&#8221;824&#8243;][vc_empty_space height=&#8221;65px&#8221;][vc_column_text] EPS&#8217;nin tercih edilmesinin nedenleri; yal\u0131t\u0131m de\u011ferlerinin yu\u0308ksek olmas\u0131 ile enerji verimlili\u011fi sa\u011flamas\u0131, kolay \u015fekil alabilmesi ve uygulanmas\u0131, \u00e7evre dostu ve \u00e7ok du\u0308\u015fu\u0308k [&hellip;]<\/p>\n","protected":false},"author":1,"featured_media":0,"parent":0,"menu_order":0,"comment_status":"closed","ping_status":"closed","template":"","meta":{"footnotes":""},"_links":{"self":[{"href":"https:\/\/www.cfnkimya.com\/index.php\/wp-json\/wp\/v2\/pages\/740"}],"collection":[{"href":"https:\/\/www.cfnkimya.com\/index.php\/wp-json\/wp\/v2\/pages"}],"about":[{"href":"https:\/\/www.cfnkimya.com\/index.php\/wp-json\/wp\/v2\/types\/page"}],"author":[{"embeddable":true,"href":"https:\/\/www.cfnkimya.com\/index.php\/wp-json\/wp\/v2\/users\/1"}],"replies":[{"embeddable":true,"href":"https:\/\/www.cfnkimya.com\/index.php\/wp-json\/wp\/v2\/comments?post=740"}],"version-history":[{"count":79,"href":"https:\/\/www.cfnkimya.com\/index.php\/wp-json\/wp\/v2\/pages\/740\/revisions"}],"predecessor-version":[{"id":1288,"href":"https:\/\/www.cfnkimya.com\/index.php\/wp-json\/wp\/v2\/pages\/740\/revisions\/1288"}],"wp:attachment":[{"href":"https:\/\/www.cfnkimya.com\/index.php\/wp-json\/wp\/v2\/media?parent=740"}],"curies":[{"name":"wp","href":"https:\/\/api.w.org\/{rel}","templated":true}]}}