{"id":19,"date":"2017-10-01T19:19:43","date_gmt":"2017-10-01T19:19:43","guid":{"rendered":"https:\/\/import.brothersthemes.com\/nur\/?page_id=19"},"modified":"2018-12-04T10:46:21","modified_gmt":"2018-12-04T07:46:21","slug":"urunler","status":"publish","type":"page","link":"https:\/\/www.cfnkimya.com\/index.php\/urunler\/","title":{"rendered":"\u00dcr\u00fcnler"},"content":{"rendered":"<p>[vc_section css=&#8221;.vc_custom_1537285033128{background-color: #f2f2f2 !important;}&#8221;][vc_row][vc_column][vc_column_text]<\/p>\n<p style=\"text-align: center;\"><span style=\"color: #808080;\">CFN Kimya A.\u015e. tesislerinde White Gold markam\u0131z alt\u0131nda WG A (alev geciktiricili) ve WG B (alev geciktiricisiz) EPS ham maddeleri u\u0308retilmektedir. Firma olarak bir\u00e7ok alanda kullan\u0131lan EPS ham maddesini,\u00a0standartlara uygun u\u0308retmek bizim \u00f6nceligimizdir.<\/span><\/p>\n<p>[\/vc_column_text][\/vc_column][\/vc_row][vc_row][vc_column][vc_column_text]<img decoding=\"async\" loading=\"lazy\" class=\"aligncenter wp-image-1227\" src=\"http:\/\/www.cfnkimya.com\/wp-content\/uploads\/2018\/12\/tablo_1.png\" alt=\"\" width=\"800\" height=\"563\" srcset=\"https:\/\/www.cfnkimya.com\/wp-content\/uploads\/2018\/12\/tablo_1.png 957w, https:\/\/www.cfnkimya.com\/wp-content\/uploads\/2018\/12\/tablo_1-300x211.png 300w, https:\/\/www.cfnkimya.com\/wp-content\/uploads\/2018\/12\/tablo_1-768x540.png 768w, https:\/\/www.cfnkimya.com\/wp-content\/uploads\/2018\/12\/tablo_1-133x94.png 133w, https:\/\/www.cfnkimya.com\/wp-content\/uploads\/2018\/12\/tablo_1-235x165.png 235w, https:\/\/www.cfnkimya.com\/wp-content\/uploads\/2018\/12\/tablo_1-480x338.png 480w, https:\/\/www.cfnkimya.com\/wp-content\/uploads\/2018\/12\/tablo_1-740x520.png 740w\" sizes=\"(max-width: 800px) 100vw, 800px\" \/>[\/vc_column_text][\/vc_column][\/vc_row][vc_row][vc_column][nur_services_grid][\/vc_column][\/vc_row][\/vc_section][vc_row full_width=&#8221;stretch_row_content_no_spaces&#8221; css=&#8221;.vc_custom_1509864404071{background-image: url(http:\/\/www.cfnkimya.com\/wp-content\/uploads\/2017\/10\/pexels-photo-37728-2.jpg?id=338) !important;background-position: center !important;background-repeat: no-repeat !important;background-size: cover !important;}&#8221;][vc_column][nur_cta_box button_text=&#8221;T\u0131klay\u0131n!&#8221; button_href=&#8221;http:\/\/www.cfnkimya.com\/index.php\/iletisim\/&#8221; button_class=&#8221;btn-secondary btn-large&#8221; el_class=&#8221;text-primary&#8221;]<\/p>\n<h2>\u00dcr\u00fcnlerimiz hakk\u0131nda detayl\u0131 bilgi almak ve sorular\u0131n\u0131z i\u00e7in<\/h2>\n<p>[\/nur_cta_box][\/vc_column][\/vc_row]<\/p>\n","protected":false},"excerpt":{"rendered":"<p>[vc_section css=&#8221;.vc_custom_1537285033128{background-color: #f2f2f2 !important;}&#8221;][vc_row][vc_column][vc_column_text] CFN Kimya A.\u015e. tesislerinde White Gold markam\u0131z alt\u0131nda WG A (alev geciktiricili) ve WG B (alev geciktiricisiz) EPS ham maddeleri u\u0308retilmektedir. Firma olarak bir\u00e7ok alanda kullan\u0131lan EPS ham maddesini,\u00a0standartlara uygun u\u0308retmek bizim \u00f6nceligimizdir. [\/vc_column_text][\/vc_column][\/vc_row][vc_row][vc_column][vc_column_text][\/vc_column_text][\/vc_column][\/vc_row][vc_row][vc_column][nur_services_grid][\/vc_column][\/vc_row][\/vc_section][vc_row full_width=&#8221;stretch_row_content_no_spaces&#8221; css=&#8221;.vc_custom_1509864404071{background-image: url(http:\/\/www.cfnkimya.com\/wp-content\/uploads\/2017\/10\/pexels-photo-37728-2.jpg?id=338) !important;background-position: center !important;background-repeat: no-repeat !important;background-size: cover !important;}&#8221;][vc_column][nur_cta_box button_text=&#8221;T\u0131klay\u0131n!&#8221; button_href=&#8221;http:\/\/www.cfnkimya.com\/index.php\/iletisim\/&#8221; button_class=&#8221;btn-secondary btn-large&#8221; el_class=&#8221;text-primary&#8221;] \u00dcr\u00fcnlerimiz hakk\u0131nda [&hellip;]<\/p>\n","protected":false},"author":1,"featured_media":0,"parent":0,"menu_order":0,"comment_status":"closed","ping_status":"closed","template":"","meta":{"footnotes":""},"_links":{"self":[{"href":"https:\/\/www.cfnkimya.com\/index.php\/wp-json\/wp\/v2\/pages\/19"}],"collection":[{"href":"https:\/\/www.cfnkimya.com\/index.php\/wp-json\/wp\/v2\/pages"}],"about":[{"href":"https:\/\/www.cfnkimya.com\/index.php\/wp-json\/wp\/v2\/types\/page"}],"author":[{"embeddable":true,"href":"https:\/\/www.cfnkimya.com\/index.php\/wp-json\/wp\/v2\/users\/1"}],"replies":[{"embeddable":true,"href":"https:\/\/www.cfnkimya.com\/index.php\/wp-json\/wp\/v2\/comments?post=19"}],"version-history":[{"count":26,"href":"https:\/\/www.cfnkimya.com\/index.php\/wp-json\/wp\/v2\/pages\/19\/revisions"}],"predecessor-version":[{"id":2030,"href":"https:\/\/www.cfnkimya.com\/index.php\/wp-json\/wp\/v2\/pages\/19\/revisions\/2030"}],"wp:attachment":[{"href":"https:\/\/www.cfnkimya.com\/index.php\/wp-json\/wp\/v2\/media?parent=19"}],"curies":[{"name":"wp","href":"https:\/\/api.w.org\/{rel}","templated":true}]}}