{"id":1886,"date":"2024-08-01T15:09:22","date_gmt":"2024-08-01T12:09:22","guid":{"rendered":"https:\/\/www.cfnkimya.com\/?page_id=1886"},"modified":"2026-03-25T15:14:15","modified_gmt":"2026-03-25T12:14:15","slug":"etik-ilkeler","status":"publish","type":"page","link":"https:\/\/www.cfnkimya.com\/index.php\/etik-ilkeler\/","title":{"rendered":"Etik \u0130lkeler"},"content":{"rendered":"\n<p><strong>Etik Destek Merkezi<\/strong>, \u00e7al\u0131\u015fanlar\u0131m\u0131z\u0131n&nbsp;ve i\u015f ortaklar\u0131m\u0131z\u0131n kar\u015f\u0131la\u015ft\u0131\u011f\u0131 ya da \u015fahit oldu\u011fu&nbsp;<strong>her t\u00fcrl\u00fc etik ihlali, gizlilik ve g\u00fcvenlik esaslar\u0131na uygun olarak,<\/strong>&nbsp;bildirebilecekleri bir platformdur. Bu hatt\u0131m\u0131z, \u015firket i\u00e7indeki etik standartlar\u0131m\u0131z\u0131n s\u00fcrd\u00fcr\u00fclmesi ve i\u015f ortam\u0131m\u0131z\u0131n g\u00fcvenilirli\u011finin art\u0131r\u0131lmas\u0131 i\u00e7in kritik bir rol oynamaktad\u0131r.<\/p>\n\n\n\n<p><strong>Etik Destek Merkezi&#8217;ne&nbsp;ula\u015fmak i\u00e7in telefon ve web kanallar\u0131n\u0131 kullanabilirsiniz:<\/strong><\/p>\n\n\n\n<ul>\n<li><strong>Telefon:<\/strong>&nbsp;&nbsp;0 (850) 231 94 50<\/li>\n\n\n\n<li><strong>Web:&nbsp;<\/strong><a href=\"https:\/\/cfnkimya.etikmerkezi.com\" target=\"_blank\" rel=\"noreferrer noopener\">https:\/\/cfnkimya.etikmerkezi.com<\/a><\/li>\n<\/ul>\n\n\n\n<p>Etik politikam\u0131za ula\u015fmak i\u00e7in <a href=\"https:\/\/cfnkimya.com\/wp-content\/uploads\/2026\/02\/POL.012_1-%20Etik.pdf\" target=\"_blank\" rel=\"noreferrer noopener\">t\u0131klay\u0131n.<\/a><\/p>\n","protected":false},"excerpt":{"rendered":"<p>Etik Destek Merkezi, \u00e7al\u0131\u015fanlar\u0131m\u0131z\u0131n&nbsp;ve i\u015f ortaklar\u0131m\u0131z\u0131n kar\u015f\u0131la\u015ft\u0131\u011f\u0131 ya da \u015fahit oldu\u011fu&nbsp;her t\u00fcrl\u00fc etik ihlali, gizlilik ve g\u00fcvenlik esaslar\u0131na uygun olarak,&nbsp;bildirebilecekleri bir platformdur. Bu hatt\u0131m\u0131z, \u015firket i\u00e7indeki etik standartlar\u0131m\u0131z\u0131n s\u00fcrd\u00fcr\u00fclmesi ve i\u015f ortam\u0131m\u0131z\u0131n g\u00fcvenilirli\u011finin art\u0131r\u0131lmas\u0131 i\u00e7in kritik bir rol oynamaktad\u0131r. Etik Destek Merkezi&#8217;ne&nbsp;ula\u015fmak i\u00e7in telefon ve web kanallar\u0131n\u0131 kullanabilirsiniz: Etik politikam\u0131za ula\u015fmak i\u00e7in t\u0131klay\u0131n.<\/p>\n","protected":false},"author":1,"featured_media":0,"parent":0,"menu_order":0,"comment_status":"closed","ping_status":"closed","template":"","meta":{"footnotes":""},"_links":{"self":[{"href":"https:\/\/www.cfnkimya.com\/index.php\/wp-json\/wp\/v2\/pages\/1886"}],"collection":[{"href":"https:\/\/www.cfnkimya.com\/index.php\/wp-json\/wp\/v2\/pages"}],"about":[{"href":"https:\/\/www.cfnkimya.com\/index.php\/wp-json\/wp\/v2\/types\/page"}],"author":[{"embeddable":true,"href":"https:\/\/www.cfnkimya.com\/index.php\/wp-json\/wp\/v2\/users\/1"}],"replies":[{"embeddable":true,"href":"https:\/\/www.cfnkimya.com\/index.php\/wp-json\/wp\/v2\/comments?post=1886"}],"version-history":[{"count":6,"href":"https:\/\/www.cfnkimya.com\/index.php\/wp-json\/wp\/v2\/pages\/1886\/revisions"}],"predecessor-version":[{"id":1986,"href":"https:\/\/www.cfnkimya.com\/index.php\/wp-json\/wp\/v2\/pages\/1886\/revisions\/1986"}],"wp:attachment":[{"href":"https:\/\/www.cfnkimya.com\/index.php\/wp-json\/wp\/v2\/media?parent=1886"}],"curies":[{"name":"wp","href":"https:\/\/api.w.org\/{rel}","templated":true}]}}