{"id":1813,"date":"2023-08-03T09:18:23","date_gmt":"2023-08-03T06:18:23","guid":{"rendered":"https:\/\/www.cfnkimya.com\/?page_id=1813"},"modified":"2023-08-03T09:18:23","modified_gmt":"2023-08-03T06:18:23","slug":"is-sagligi-ve-guvenligi-yonetim-sistemi-politikasi","status":"publish","type":"page","link":"https:\/\/www.cfnkimya.com\/index.php\/is-sagligi-ve-guvenligi-yonetim-sistemi-politikasi\/","title":{"rendered":"\u0130\u015e SA\u011eLI\u011eI VE G\u00dcVENL\u0130\u011e\u0130 Y\u00d6NET\u0130M S\u0130STEM\u0130 POL\u0130T\u0130KASI"},"content":{"rendered":"<p>CFN Kimya\u2019da;<\/p>\n<p>\u00c7al\u0131\u015fanlar\u0131m\u0131z, payda\u015flar\u0131m\u0131z ve kom\u015fular\u0131m\u0131z ile ilgili t\u00fcm s\u00fcre\u00e7lerde \u201c<strong>\u00d6nce \u0130\u015f G\u00fcvenli\u011fi Gelir<\/strong>\u201d, \u201c<strong>\u0130nsan\u0131, Toplumu ve D\u00fcnyay\u0131 \u00d6nemser\u201d<\/strong> ve \u201c<strong>\u00c7ocuklar\u0131m\u0131za G\u00fcvenli Bir \u00c7evre Miras\u0131<\/strong>\u201d ilkelerini \u0130\u015f Sa\u011fl\u0131\u011f\u0131 ve G\u00fcvenli\u011fi Y\u00f6netim Sistemi politikas\u0131 olarak belirledik ve bu ilkeleri benimsiyoruz.<\/p>\n<p>CFN Kimya olarak bu politika do\u011frultusunda;<\/p>\n<ul>\n<li>Ulusal ve uluslararas\u0131 yasal mevzuatlara uymay\u0131,<\/li>\n<li>\u00c7al\u0131\u015fanlar\u0131m\u0131z\u0131 sa\u011fl\u0131k ve g\u00fcvenlik prosed\u00fcrleri, riskleri ve risk y\u00f6netim s\u00fcre\u00e7leri konusunda d\u00fczenli bilgilendirmeyi,<\/li>\n<li>Riskleri devaml\u0131 de\u011ferlendirme s\u00fcre\u00e7lerini etkin hale getirerek s\u00fcrekli iyile\u015ftirmeyi,<\/li>\n<li>S\u00fcre\u00e7lerimizde meydana gelen de\u011fi\u015fikliklerde sa\u011fl\u0131k ve g\u00fcvenlik risklerinin do\u011fru y\u00f6netilmesi i\u00e7in etkin bir \u201cDe\u011fi\u015fimin Y\u00f6netimi\u201d prosed\u00fcr\u00fc uygulamay\u0131,<\/li>\n<li>\u00c7al\u0131\u015fanlar\u0131m\u0131z\u0131n i\u015f sa\u011fl\u0131\u011f\u0131 ve g\u00fcvenli\u011fi ile ilgili tehlikeler veya risklere maruziyetinin en aza indirilmesi i\u00e7in yap\u0131lan i\u015fin do\u011fas\u0131na uygun ki\u015fisel koruyucu donan\u0131mlar\u0131n\u0131 sa\u011flamay\u0131,<\/li>\n<li>\u0130\u015f ekipmanlar\u0131n\u0131n g\u00fcvenli olarak kullan\u0131m\u0131n\u0131 sa\u011flamak amac\u0131 ile s\u00fcrekli talimatlarla bilgilendirmeyi, i\u00e7 ve d\u0131\u015f denetimleri sa\u011flamay\u0131,<\/li>\n<li>Proses g\u00fcvenli\u011fini sa\u011flamay\u0131, b\u00fcy\u00fck end\u00fcstriyel kazalar\u0131n risklerinin azalt\u0131lmas\u0131n\u0131, ilgili performans g\u00f6stergelerini takip etmeyi ve s\u00fcrekli iyile\u015ftirmeyi,<\/li>\n<li>Kimyasal maddeler ile \u00e7al\u0131\u015f\u0131rken s\u00fcre\u00e7lerin g\u00fcvenli bir \u015fekilde yerine getirilmesi i\u00e7in gerekli bilgilendirme, \u00e7al\u0131\u015fma talimat\u0131, rehberlik ve y\u00f6netimi sa\u011flamay\u0131,<\/li>\n<li>\u0130\u015f sa\u011fl\u0131\u011f\u0131 ve g\u00fcvenli\u011fi konular\u0131nda \u00e7al\u0131\u015fanlar\u0131n kat\u0131l\u0131m\u0131n\u0131 te\u015fvik edecek ve a\u00e7\u0131k ileti\u015fimin sa\u011fland\u0131\u011f\u0131 \u201c\u0130\u015f Sa\u011fl\u0131\u011f\u0131 ve G\u00fcvenli\u011fi Kurulu\u201d olu\u015fturmay\u0131,<\/li>\n<li>\u00c7al\u0131\u015fanlar\u0131m\u0131z\u0131n zihinsel\/duygusal zindeli\u011fini art\u0131rmak, fiziksel risk etmenlerini en aza indirmek i\u00e7in gerekli \u00e7al\u0131\u015fmalar\u0131 yapmay\u0131,<\/li>\n<li>\u00d6nleyici bir yakla\u015f\u0131mla \u00f6zellikle \u00e7al\u0131\u015fanlar\u0131m\u0131z\u0131 meslek hastal\u0131klar\u0131ndan korumak ve kontrol \u00f6nlemlerinin etkinli\u011fini g\u00f6zlemlemek amac\u0131 ile d\u00fczenli sa\u011fl\u0131k kontrollerini sa\u011flanmay\u0131 ve<\/li>\n<li>S\u0131f\u0131r kaza, s\u0131f\u0131r meslek hastal\u0131\u011f\u0131 hedefiyle \u00e7al\u0131\u015fmay\u0131<\/li>\n<\/ul>\n<p>taahh\u00fct ediyoruz.<\/p>\n<p>&nbsp;<\/p>\n","protected":false},"excerpt":{"rendered":"<p>CFN Kimya\u2019da; \u00c7al\u0131\u015fanlar\u0131m\u0131z, payda\u015flar\u0131m\u0131z ve kom\u015fular\u0131m\u0131z ile ilgili t\u00fcm s\u00fcre\u00e7lerde \u201c\u00d6nce \u0130\u015f G\u00fcvenli\u011fi Gelir\u201d, \u201c\u0130nsan\u0131, Toplumu ve D\u00fcnyay\u0131 \u00d6nemser\u201d ve \u201c\u00c7ocuklar\u0131m\u0131za G\u00fcvenli Bir \u00c7evre Miras\u0131\u201d ilkelerini \u0130\u015f Sa\u011fl\u0131\u011f\u0131 ve G\u00fcvenli\u011fi Y\u00f6netim Sistemi politikas\u0131 olarak belirledik ve bu ilkeleri benimsiyoruz. CFN Kimya olarak bu politika do\u011frultusunda; Ulusal ve uluslararas\u0131 yasal mevzuatlara uymay\u0131, \u00c7al\u0131\u015fanlar\u0131m\u0131z\u0131 sa\u011fl\u0131k ve g\u00fcvenlik [&hellip;]<\/p>\n","protected":false},"author":1,"featured_media":0,"parent":0,"menu_order":0,"comment_status":"closed","ping_status":"closed","template":"","meta":{"footnotes":""},"_links":{"self":[{"href":"https:\/\/www.cfnkimya.com\/index.php\/wp-json\/wp\/v2\/pages\/1813"}],"collection":[{"href":"https:\/\/www.cfnkimya.com\/index.php\/wp-json\/wp\/v2\/pages"}],"about":[{"href":"https:\/\/www.cfnkimya.com\/index.php\/wp-json\/wp\/v2\/types\/page"}],"author":[{"embeddable":true,"href":"https:\/\/www.cfnkimya.com\/index.php\/wp-json\/wp\/v2\/users\/1"}],"replies":[{"embeddable":true,"href":"https:\/\/www.cfnkimya.com\/index.php\/wp-json\/wp\/v2\/comments?post=1813"}],"version-history":[{"count":2,"href":"https:\/\/www.cfnkimya.com\/index.php\/wp-json\/wp\/v2\/pages\/1813\/revisions"}],"predecessor-version":[{"id":1815,"href":"https:\/\/www.cfnkimya.com\/index.php\/wp-json\/wp\/v2\/pages\/1813\/revisions\/1815"}],"wp:attachment":[{"href":"https:\/\/www.cfnkimya.com\/index.php\/wp-json\/wp\/v2\/media?parent=1813"}],"curies":[{"name":"wp","href":"https:\/\/api.w.org\/{rel}","templated":true}]}}