{"id":17,"date":"2017-10-01T19:19:17","date_gmt":"2017-10-01T19:19:17","guid":{"rendered":"https:\/\/import.brothersthemes.com\/nur\/?page_id=17"},"modified":"2019-06-24T11:46:06","modified_gmt":"2019-06-24T08:46:06","slug":"hakkimizda","status":"publish","type":"page","link":"https:\/\/www.cfnkimya.com\/index.php\/hakkimizda\/","title":{"rendered":"HAKKIMIZDA"},"content":{"rendered":"<p>[vc_section css=&#8221;.vc_custom_1537368234502{padding-bottom: 22% !important;background-image: url(http:\/\/www.cfnkimya.com\/wp-content\/uploads\/2018\/09\/kurumsal6.png?id=702) !important;}&#8221; el_class=&#8221;city-bg&#8221;][vc_row][vc_column][vc_column_text]<\/p>\n<p style=\"text-align: center;\"><span style=\"color: #808080;\">CFN Kimya A.\u015e. Tu\u0308rkiye&#8217;nin EPS u\u0308ru\u0308nleri ihtiyac\u0131n\u0131 kar\u015f\u0131lamak amac\u0131yla 2013 y\u0131l\u0131nda u\u0308retime ba\u015flad\u0131. Du\u0308nyan\u0131n say\u0131l\u0131 EPS u\u0308retim tesislerinden biri olarak GEBK\u0130M V. Kimya \u0130htisas Organize Sanayi B\u00f6lgesi&#8217;nde, u\u0308retime ge\u00e7ti\u011fi y\u0131ldan itibaren uluslararas\u0131 standartlardaki kalitesiyle EPS u\u0308ru\u0308nlerini yurt i\u00e7i ve yurt d\u0131\u015f\u0131 pazarlar\u0131na\u00a0sunmaktad\u0131r.<\/span><\/p>\n<p style=\"text-align: center;\"><span style=\"color: #808080;\">Bir aile grup \u015firketi i\u015ftiraki olarak CFN Kimya A.\u015e. sahip oldu\u011fu tecru\u0308be ve de\u011ferleri 1992 y\u0131l\u0131nda kurulan K\u00d6KTA\u015e Grup ve profesyonel \u00e7al\u0131\u015fma ekibinin birikimiyle edinmi\u015ftir. K\u00d6KTA\u015e Grup kuruldu\u011fu y\u0131ldan itibaren kara ve demir yolu ta\u015f\u0131mac\u0131l\u0131\u011f\u0131, akaryak\u0131t, in\u015faat, enerji, madencilik ve tekstil sekt\u00f6rlerinde bu\u0308yu\u0308yerek hizmet ve yat\u0131r\u0131mlar\u0131na devam etmektedir.<\/span><\/p>\n<p class=\"Body\" style=\"text-align: center;\"><span style=\"color: #808080;\">Biz markam\u0131z\u0131 bu 4 de\u011fer \u00fczerine in\u015fa ettik.\u00a0<\/span><\/p>\n<h4 class=\"Body\" style=\"text-align: center;\"><span style=\"color: #30b5e4;\"><em>G\u00fcvenilirlik, M\u00fc\u015fteri Odakl\u0131l\u0131k, \u0130nsan ve \u00c7evreye Sayg\u0131l\u0131 Olma, Yenilik\u00e7ilik<br \/>\n<\/em><\/span><\/h4>\n<p>[\/vc_column_text][\/vc_column][\/vc_row][vc_row][vc_column][vc_hoverbox image=&#8221;1113&#8243; primary_title=&#8221;&lt; G\u00fcvenilirlik&#8221; primary_align=&#8221;right&#8221; primary_title_font_container=&#8221;color:%23ffffff&#8221; primary_title_google_fonts=&#8221;font_family:Actor%3Aregular|font_style:400%20regular%3A400%3Anormal&#8221; hover_title=&#8221;Gu\u0308ven ve \u015feffafl\u0131k ilkelerine dayal\u0131 i\u015f ahlak\u0131yla gu\u0308\u00e7lu\u0308 ve su\u0308rekli i\u015f birli\u011fi ile tedarik zinciri olu\u015fturuyoruz.&#8221; use_custom_fonts_primary_title=&#8221;true&#8221;]<\/p>\n<p class=\"Body\" style=\"text-align: center;\"><span style=\"color: #808080;\">\u015eirketlerin insanlardan meydana geldi\u011fini her zaman g\u00f6z \u00f6nu\u0308nde bulundurarak kar\u015f\u0131l\u0131kl\u0131 gu\u0308ven ve \u015feffafl\u0131k i\u00e7erisinde ihtiya\u00e7 kar\u015f\u0131layabilen bir u\u0308retici olmay\u0131 \u00f6nemsiyoruz.\u00a0\u00c7al\u0131\u015ft\u0131\u011f\u0131m\u0131z firmalar\u0131m\u0131zla gu\u0308venilir ve uzun su\u0308reli i\u015f ortakl\u0131\u011f\u0131na dayal\u0131 ili\u015fkiler kurarak g\u00fc\u00e7l\u00fc tedarik zinciri yap\u0131s\u0131 olu\u015fturuyoruz.<\/span><\/p>\n<p>[\/vc_hoverbox][vc_empty_space][\/vc_column][\/vc_row][vc_row][vc_column][vc_hoverbox image=&#8221;1058&#8243; primary_title=&#8221;M\u00fc\u015fteri Odakl\u0131l\u0131k &gt;&#8221; primary_align=&#8221;left&#8221; primary_title_font_container=&#8221;color:%23ffffff&#8221; primary_title_google_fonts=&#8221;font_family:Actor%3Aregular|font_style:400%20regular%3A400%3Anormal&#8221; hover_title=&#8221;\u00dcretimden lojistik s\u00fcrecine m\u00fc\u015fterilerimize ihtiya\u00e7 ve beklentilerine en uygun \u00e7\u00f6z\u00fcmleri sunuyoruz. &#8221; use_custom_fonts_primary_title=&#8221;true&#8221;]<\/p>\n<p style=\"text-align: center;\"><span style=\"color: #808080;\">Otomotivden in\u015faata, g\u0131dadan beyaz e\u015fyaya farkl\u0131 sekt\u00f6rlerden pek \u00e7ok firmaya ham madde u\u0308retimi yap\u0131yoruz.\u00a0<\/span><span style=\"color: #808080;\">Mu\u0308\u015fteri odakl\u0131 yakla\u015f\u0131m\u0131m\u0131z do\u011frultusunda EPS ham maddesini kullan\u0131laca\u011f\u0131 alana g\u00f6re u\u0308retip gerekli standartlara uygun hale getirmek bizim \u00f6nceli\u011fimizdir.<br \/>\n<\/span><\/p>\n<p style=\"text-align: center;\"><span style=\"color: #808080;\">Mu\u0308\u015fterilerimizin u\u0308ru\u0308n tedari\u011fi zincirini sa\u011flarken tesisimizin kara, tren ve deniz yolu ba\u011flant\u0131lar\u0131na yak\u0131n konumu ile h\u0131zl\u0131 ve uygun nakliye avantaj\u0131 sunuyoruz.<\/span><\/p>\n<p>[\/vc_hoverbox][vc_empty_space][\/vc_column][\/vc_row][vc_row][vc_column][vc_hoverbox image=&#8221;1056&#8243; primary_title=&#8221;&lt; \u0130nsana ve \u00c7evreye Sayg\u0131l\u0131 Olma&#8221; primary_align=&#8221;right&#8221; primary_title_font_container=&#8221;color:%23ffffff&#8221; primary_title_google_fonts=&#8221;font_family:Actor%3Aregular|font_style:400%20regular%3A400%3Anormal&#8221; hover_title=&#8221;\u00dcr\u00fcnlerimiz bug\u00fcn \u00e7at\u0131n\u0131zdan sofran\u0131za her yerde, biz de bunun bilinciyle \u00fcretim yap\u0131yoruz. &#8221; use_custom_fonts_primary_title=&#8221;true&#8221;]<\/p>\n<p style=\"text-align: center;\"><span style=\"color: #808080;\">Bugu\u0308n \u00e7at\u0131n\u0131zdaki \u0131s\u0131 yal\u0131t\u0131m\u0131ndan ofise sipari\u015f etti\u011finiz\u00a0yeme\u011fin ambalaj\u0131na kadar gu\u0308nlu\u0308k hayatta kulland\u0131\u011f\u0131n\u0131z pek \u00e7ok u\u0308ru\u0308nde EPS\u2019den faydalan\u0131l\u0131yor. \u00c7u\u0308nku\u0308 EPS hava kirlili\u011fini \u00f6nlu\u0308yor, enerji tasarrufuna ve geri d\u00f6nu\u0308\u015fu\u0308me olanak sa\u011fl\u0131yor. Kendi EPS markam\u0131z olan <strong>White Gold A<\/strong> ve <strong>White Gold B<\/strong> serileri farkl\u0131 kullan\u0131m ama\u00e7lar\u0131 i\u00e7in \u00f6zel olarak haz\u0131rlanm\u0131\u015f u\u0308ru\u0308nlerden olu\u015fuyor.<\/span><br \/>\n<span style=\"color: #808080;\">CFN Kimya A.\u015e. olarak u\u0308retim a\u015famas\u0131nda kullan\u0131lacak kimyasal maddeleri insan sa\u011fl\u0131\u011f\u0131na uygunlu\u011funa g\u00f6re<br \/>\n\u00f6zenle se\u00e7iyoruz.<br \/>\n<\/span><\/p>\n<p>[\/vc_hoverbox][vc_empty_space][\/vc_column][\/vc_row][vc_row][vc_column][vc_hoverbox image=&#8221;1053&#8243; primary_title=&#8221;&lt; Yenilik\u00e7ilik&#8221; primary_align=&#8221;right&#8221; primary_title_font_container=&#8221;color:%23ffffff&#8221; primary_title_google_fonts=&#8221;font_family:Actor%3Aregular|font_style:400%20regular%3A400%3Anormal&#8221; hover_title=&#8221;Teknoloji yat\u0131r\u0131mlar\u0131 ve AR-GE \u00e7al\u0131\u015fmalar\u0131yla \u00fcr\u00fcn \u00e7e\u015fitlili\u011fimizi ve hizmet kalitemizi s\u00fcrekli geli\u015ftiriyoruz. &#8221; use_custom_fonts_primary_title=&#8221;true&#8221;]<\/p>\n<p style=\"text-align: center;\"><span style=\"color: #808080;\">Du\u0308nyan\u0131n bu kadar h\u0131zl\u0131 de\u011fi\u015fip geli\u015fti\u011fi bir d\u00f6nemde\u00a0biz de yenilik\u00e7i y\u00f6ntemlerle bu de\u011fi\u015fime uyum sa\u011fl\u0131yoruz. Yurt i\u00e7inde EPS ihtiyac\u0131n\u0131 yerli u\u0308retim ile kar\u015f\u0131lamaya, ihracat yapt\u0131\u011f\u0131m\u0131z yurt d\u0131\u015f\u0131 pazarlar\u0131nda kalite ve di\u011fer hizmetlerimizle rekabet gu\u0308cu\u0308mu\u0308zu\u0308 art\u0131rmaya \u00e7al\u0131\u015f\u0131yoruz.<\/span><\/p>\n<p style=\"text-align: center;\"><span style=\"color: #808080;\">\u00dcretime ba\u015flad\u0131\u011f\u0131m\u0131z 2013 y\u0131l\u0131ndan beri yapt\u0131\u011f\u0131m\u0131z Ar-Ge ve \u00dcr-Ge \u00e7al\u0131\u015fmalar\u0131 ile u\u0308ru\u0308nlerimizin kalitesini ve performans\u0131n\u0131 su\u0308rekli olarak iyile\u015ftirmeye \u00e7al\u0131\u015f\u0131yoruz.<\/span><\/p>\n<p>[\/vc_hoverbox][vc_empty_space][\/vc_column][\/vc_row][\/vc_section][vc_section el_class=&#8221;city-bg&#8221; css=&#8221;.vc_custom_1509861512678{padding-top: 0px !important;padding-right: 0px !important;padding-bottom: 0px !important;padding-left: 0px !important;background-color: #f9f9f9 !important;}&#8221;][\/vc_section][vc_row full_width=&#8221;stretch_row_content_no_spaces&#8221; css=&#8221;.vc_custom_1537539180345{background-image: url(http:\/\/www.cfnkimya.com\/wp-content\/uploads\/2017\/10\/pexels-photo-37728-2.jpg?id=338) !important;background-position: center !important;background-repeat: no-repeat !important;background-size: cover !important;}&#8221;][vc_column][nur_cta_box button_text=&#8221;T\u0131klay\u0131n!&#8221; button_href=&#8221;http:\/\/www.cfnkimya.com\/index.php\/iletisim\/&#8221; button_class=&#8221;btn-secondary btn-large&#8221; el_class=&#8221;text-primary&#8221;]<\/p>\n<h2>\u00dcr\u00fcnlerimiz hakk\u0131nda detayl\u0131 bilgi almak ve sorular\u0131n\u0131z i\u00e7in<\/h2>\n<p>[\/nur_cta_box][\/vc_column][\/vc_row]<\/p>\n","protected":false},"excerpt":{"rendered":"<p>[vc_section css=&#8221;.vc_custom_1537368234502{padding-bottom: 22% !important;background-image: url(http:\/\/www.cfnkimya.com\/wp-content\/uploads\/2018\/09\/kurumsal6.png?id=702) !important;}&#8221; el_class=&#8221;city-bg&#8221;][vc_row][vc_column][vc_column_text] CFN Kimya A.\u015e. Tu\u0308rkiye&#8217;nin EPS u\u0308ru\u0308nleri ihtiyac\u0131n\u0131 kar\u015f\u0131lamak amac\u0131yla 2013 y\u0131l\u0131nda u\u0308retime ba\u015flad\u0131. Du\u0308nyan\u0131n say\u0131l\u0131 EPS u\u0308retim tesislerinden biri olarak GEBK\u0130M V. Kimya \u0130htisas Organize Sanayi B\u00f6lgesi&#8217;nde, u\u0308retime ge\u00e7ti\u011fi y\u0131ldan itibaren uluslararas\u0131 standartlardaki kalitesiyle EPS u\u0308ru\u0308nlerini yurt i\u00e7i ve yurt d\u0131\u015f\u0131 pazarlar\u0131na\u00a0sunmaktad\u0131r. Bir aile grup \u015firketi i\u015ftiraki olarak [&hellip;]<\/p>\n","protected":false},"author":1,"featured_media":0,"parent":0,"menu_order":0,"comment_status":"closed","ping_status":"closed","template":"","meta":{"footnotes":""},"_links":{"self":[{"href":"https:\/\/www.cfnkimya.com\/index.php\/wp-json\/wp\/v2\/pages\/17"}],"collection":[{"href":"https:\/\/www.cfnkimya.com\/index.php\/wp-json\/wp\/v2\/pages"}],"about":[{"href":"https:\/\/www.cfnkimya.com\/index.php\/wp-json\/wp\/v2\/types\/page"}],"author":[{"embeddable":true,"href":"https:\/\/www.cfnkimya.com\/index.php\/wp-json\/wp\/v2\/users\/1"}],"replies":[{"embeddable":true,"href":"https:\/\/www.cfnkimya.com\/index.php\/wp-json\/wp\/v2\/comments?post=17"}],"version-history":[{"count":125,"href":"https:\/\/www.cfnkimya.com\/index.php\/wp-json\/wp\/v2\/pages\/17\/revisions"}],"predecessor-version":[{"id":1300,"href":"https:\/\/www.cfnkimya.com\/index.php\/wp-json\/wp\/v2\/pages\/17\/revisions\/1300"}],"wp:attachment":[{"href":"https:\/\/www.cfnkimya.com\/index.php\/wp-json\/wp\/v2\/media?parent=17"}],"curies":[{"name":"wp","href":"https:\/\/api.w.org\/{rel}","templated":true}]}}