{"id":1688,"date":"2020-07-08T15:50:03","date_gmt":"2020-07-08T12:50:03","guid":{"rendered":"http:\/\/www.cfnkimya.com\/?page_id=1688"},"modified":"2020-07-13T12:24:35","modified_gmt":"2020-07-13T09:24:35","slug":"ik-politikamiz","status":"publish","type":"page","link":"https:\/\/www.cfnkimya.com\/index.php\/ik-politikamiz\/","title":{"rendered":"\u0130K Politikam\u0131z"},"content":{"rendered":"<p>\u015eirket ama\u00e7lar\u0131n\u0131n ger\u00e7ekle\u015fmesi i\u00e7in insan unsurunun belirleyicili\u011fine inanarak insan kaynaklar\u0131 politikam\u0131z\u0131 \u201c\u00d6nce \u0130nsan\u201d\u00a0 yakla\u015f\u0131m\u0131 \u00e7er\u00e7evesinde olu\u015fturduk.<\/p>\n<p>Bu \u00e7er\u00e7evede, insan kaynaklar\u0131 temel politikam\u0131z, \u00e7al\u0131\u015fanlar\u0131m\u0131z\u0131n geli\u015fmelerine f\u0131rsat ve katk\u0131 sa\u011flayan sistem ve uygulamalarla, onlar\u0131n motivasyonlar\u0131, i\u015f tatmini ve mutluluklar\u0131 ile birlikte verimlili\u011fimizi artt\u0131rmakt\u0131r.<\/p>\n<p><strong>Misyonumuz<\/strong><\/p>\n<p>Modern \u0130nsan Kaynaklar\u0131 sistemlerini hayata ge\u00e7irerek, insan kayna\u011f\u0131m\u0131z\u0131\u00a0geli\u015ftirmek ve nitelikli i\u015f g\u00fcc\u00fc taraf\u0131ndan tercih edilen bir firma haline gelmektir.<\/p>\n<p><strong>Vizyonumuz<\/strong><\/p>\n<p>\u0130nsana de\u011fer vererek ve en \u00f6nemli sermayenin \u00e7al\u0131\u015fanlar\u0131m\u0131z oldu\u011fu ger\u00e7e\u011fiyle hareket ederek, insan kayna\u011f\u0131m\u0131z\u0131\u00a0geli\u015ftirmek, kariyer hedeflerine\u00a0haz\u0131rlamak ve sonu\u00e7 olarak\u00a0ba\u015far\u0131l\u0131 \u00e7al\u0131\u015fanlar ile \u015firket hedeflerine ula\u015f\u0131lmas\u0131na en b\u00fcy\u00fck deste\u011fi vermektir.<\/p>\n<p><strong>Ana Hedeflerimiz:<\/strong><\/p>\n<ul>\n<li>De\u011fi\u015fime ve yenili\u011fe a\u00e7\u0131k, \u00f6\u011frenen ve s\u00fcrekli kendini geli\u015ftirme \u00e7abas\u0131 g\u00f6steren, \u201cTak\u0131m Ruhu\u201d ve \u201cBiz Bilinci\u201d ile hareket ederek \u00e7abalar\u0131n\u0131 ki\u015fisel performans\u0131n\u0131n yan\u0131nda \u015firket performans\u0131na yans\u0131tan bir \u00e7al\u0131\u015fan profili yakalamak,<\/li>\n<li>\u015eirketimizde\u00a0\u201cToplam Kalite Y\u00f6netimi\u201d ni hayata ge\u00e7irmek,<\/li>\n<li>\u00c7al\u0131\u015fanlar\u0131m\u0131z\u0131n aidiyet duygular\u0131n\u0131 g\u00fc\u00e7lendirmek i\u00e7in onlara sa\u011flanan geli\u015fim olanaklar\u0131 ile, performansa dayal\u0131 \u00fccret ve kariyer f\u0131rsatlar\u0131n\u0131 \u015firket imkanlar\u0131na paralel olarak iyile\u015ftirmektir.<\/li>\n<\/ul>\n<p><strong>De\u011ferlerimiz<\/strong><\/p>\n<p>\u201c\u00d6nce \u0130nsan\u201d yakla\u015f\u0131m\u0131 \u00e7er\u00e7evesinde;<\/p>\n<ul>\n<li>\u00c7al\u0131\u015fanlar\u0131n insanl\u0131k onurlar\u0131na sayg\u0131 duyar, onlara g\u00fcvenir, takdir eder ve ba\u015far\u0131y\u0131 payla\u015f\u0131r\u0131z.<\/li>\n<li>\u00c7al\u0131\u015fanlar\u0131n ki\u015fisel bilgilerinin gizlili\u011fine \u00f6nem veririz.<\/li>\n<li>S\u00fcrd\u00fcr\u00fclebilir bir gelecek i\u00e7in; \u00e7al\u0131\u015fanlar\u0131m\u0131z\u0131n sa\u011fl\u0131k ve g\u00fcvenlikleri ba\u015fta olmak \u00fczere\u00a0\u00fczere t\u00fcm sorumluluklar\u0131m\u0131z\u0131 yerine getiririz.<\/li>\n<\/ul>\n","protected":false},"excerpt":{"rendered":"<p>\u015eirket ama\u00e7lar\u0131n\u0131n ger\u00e7ekle\u015fmesi i\u00e7in insan unsurunun belirleyicili\u011fine inanarak insan kaynaklar\u0131 politikam\u0131z\u0131 \u201c\u00d6nce \u0130nsan\u201d\u00a0 yakla\u015f\u0131m\u0131 \u00e7er\u00e7evesinde olu\u015fturduk. Bu \u00e7er\u00e7evede, insan kaynaklar\u0131 temel politikam\u0131z, \u00e7al\u0131\u015fanlar\u0131m\u0131z\u0131n geli\u015fmelerine f\u0131rsat ve katk\u0131 sa\u011flayan sistem ve uygulamalarla, onlar\u0131n motivasyonlar\u0131, i\u015f tatmini ve mutluluklar\u0131 ile birlikte verimlili\u011fimizi artt\u0131rmakt\u0131r. Misyonumuz Modern \u0130nsan Kaynaklar\u0131 sistemlerini hayata ge\u00e7irerek, insan kayna\u011f\u0131m\u0131z\u0131\u00a0geli\u015ftirmek ve nitelikli i\u015f g\u00fcc\u00fc taraf\u0131ndan [&hellip;]<\/p>\n","protected":false},"author":1,"featured_media":0,"parent":0,"menu_order":0,"comment_status":"closed","ping_status":"closed","template":"","meta":{"footnotes":""},"_links":{"self":[{"href":"https:\/\/www.cfnkimya.com\/index.php\/wp-json\/wp\/v2\/pages\/1688"}],"collection":[{"href":"https:\/\/www.cfnkimya.com\/index.php\/wp-json\/wp\/v2\/pages"}],"about":[{"href":"https:\/\/www.cfnkimya.com\/index.php\/wp-json\/wp\/v2\/types\/page"}],"author":[{"embeddable":true,"href":"https:\/\/www.cfnkimya.com\/index.php\/wp-json\/wp\/v2\/users\/1"}],"replies":[{"embeddable":true,"href":"https:\/\/www.cfnkimya.com\/index.php\/wp-json\/wp\/v2\/comments?post=1688"}],"version-history":[{"count":6,"href":"https:\/\/www.cfnkimya.com\/index.php\/wp-json\/wp\/v2\/pages\/1688\/revisions"}],"predecessor-version":[{"id":1735,"href":"https:\/\/www.cfnkimya.com\/index.php\/wp-json\/wp\/v2\/pages\/1688\/revisions\/1735"}],"wp:attachment":[{"href":"https:\/\/www.cfnkimya.com\/index.php\/wp-json\/wp\/v2\/media?parent=1688"}],"curies":[{"name":"wp","href":"https:\/\/api.w.org\/{rel}","templated":true}]}}