{"id":1235,"date":"2018-12-07T17:44:32","date_gmt":"2018-12-07T14:44:32","guid":{"rendered":"http:\/\/www.cfnkimya.com\/?page_id=1235"},"modified":"2018-12-07T17:44:44","modified_gmt":"2018-12-07T14:44:44","slug":"404-hata-sayfasi","status":"publish","type":"page","link":"https:\/\/www.cfnkimya.com\/index.php\/404-hata-sayfasi\/","title":{"rendered":"404 Hata Sayfas\u0131"},"content":{"rendered":"<h2><\/h2>\n<h2 style=\"text-align: center;\"><strong>Hatal\u0131 bir sayfaya gitmeye \u00e7al\u0131\u015f\u0131yorsunuz!!!<\/strong><\/h2>\n<h2 style=\"text-align: center;\"><strong>L\u00fctfen Anasayfaya gitmek i\u00e7in <a href=\"http:\/\/www.cfnkimya.com\/\">TIKLAYIN!<\/a><\/strong><\/h2>\n","protected":false},"excerpt":{"rendered":"<p>Hatal\u0131 bir sayfaya gitmeye \u00e7al\u0131\u015f\u0131yorsunuz!!! L\u00fctfen Anasayfaya gitmek i\u00e7in TIKLAYIN!<\/p>\n","protected":false},"author":1,"featured_media":0,"parent":0,"menu_order":0,"comment_status":"closed","ping_status":"closed","template":"","meta":{"footnotes":""},"_links":{"self":[{"href":"https:\/\/www.cfnkimya.com\/index.php\/wp-json\/wp\/v2\/pages\/1235"}],"collection":[{"href":"https:\/\/www.cfnkimya.com\/index.php\/wp-json\/wp\/v2\/pages"}],"about":[{"href":"https:\/\/www.cfnkimya.com\/index.php\/wp-json\/wp\/v2\/types\/page"}],"author":[{"embeddable":true,"href":"https:\/\/www.cfnkimya.com\/index.php\/wp-json\/wp\/v2\/users\/1"}],"replies":[{"embeddable":true,"href":"https:\/\/www.cfnkimya.com\/index.php\/wp-json\/wp\/v2\/comments?post=1235"}],"version-history":[{"count":2,"href":"https:\/\/www.cfnkimya.com\/index.php\/wp-json\/wp\/v2\/pages\/1235\/revisions"}],"predecessor-version":[{"id":1237,"href":"https:\/\/www.cfnkimya.com\/index.php\/wp-json\/wp\/v2\/pages\/1235\/revisions\/1237"}],"wp:attachment":[{"href":"https:\/\/www.cfnkimya.com\/index.php\/wp-json\/wp\/v2\/media?parent=1235"}],"curies":[{"name":"wp","href":"https:\/\/api.w.org\/{rel}","templated":true}]}}